{"id":692,"date":"2024-07-13T12:11:59","date_gmt":"2024-07-13T10:11:59","guid":{"rendered":"https:\/\/paulinapoplawska.pl\/?page_id=692"},"modified":"2025-06-04T13:07:03","modified_gmt":"2025-06-04T11:07:03","slug":"oferta2","status":"publish","type":"page","link":"https:\/\/paulinapoplawska.pl\/?page_id=692","title":{"rendered":"Oferta"},"content":{"rendered":"\t\t<div data-elementor-type=\"wp-page\" data-elementor-id=\"692\" class=\"elementor elementor-692\" data-elementor-post-type=\"page\">\n\t\t\t\t\t\t<section class=\"elementor-section elementor-top-section elementor-element elementor-element-21b4b34 elementor-section-boxed elementor-section-height-default elementor-section-height-default\" data-id=\"21b4b34\" data-element_type=\"section\" data-e-type=\"section\" data-settings=\"{&quot;background_background&quot;:&quot;classic&quot;}\">\n\t\t\t\t\t\t<div class=\"elementor-container elementor-column-gap-no\">\n\t\t\t\t\t<div class=\"elementor-column elementor-col-100 elementor-top-column elementor-element elementor-element-2843efd\" data-id=\"2843efd\" data-element_type=\"column\" data-e-type=\"column\">\n\t\t\t<div class=\"elementor-widget-wrap elementor-element-populated\">\n\t\t\t\t\t\t<div class=\"elementor-element elementor-element-a2c4586 elementor-widget elementor-widget-heading\" data-id=\"a2c4586\" data-element_type=\"widget\" data-e-type=\"widget\" data-widget_type=\"heading.default\">\n\t\t\t\t<div class=\"elementor-widget-container\">\n\t\t\t\t\t<h1 class=\"elementor-heading-title elementor-size-default\">Oferta<\/h1>\t\t\t\t<\/div>\n\t\t\t\t<\/div>\n\t\t\t\t\t<\/div>\n\t\t<\/div>\n\t\t\t\t\t<\/div>\n\t\t<\/section>\n\t\t<div class=\"elementor-element elementor-element-b71d91a e-con-full e-flex e-con e-parent\" data-id=\"b71d91a\" data-element_type=\"container\" data-e-type=\"container\">\n\t\t\t\t<div class=\"woocommerce elementor-element elementor-element-ec604c1 elementor-grid-2 elementor-grid-tablet-2 elementor-grid-mobile-1 elementor-widget elementor-widget-loop-grid\" data-id=\"ec604c1\" data-element_type=\"widget\" data-e-type=\"widget\" data-settings=\"{&quot;_skin&quot;:&quot;product&quot;,&quot;template_id&quot;:687,&quot;columns&quot;:2,&quot;columns_tablet&quot;:&quot;2&quot;,&quot;columns_mobile&quot;:&quot;1&quot;,&quot;edit_handle_selector&quot;:&quot;[data-elementor-type=\\&quot;loop-item\\&quot;]&quot;,&quot;row_gap&quot;:{&quot;unit&quot;:&quot;px&quot;,&quot;size&quot;:&quot;&quot;,&quot;sizes&quot;:[]},&quot;row_gap_tablet&quot;:{&quot;unit&quot;:&quot;px&quot;,&quot;size&quot;:&quot;&quot;,&quot;sizes&quot;:[]},&quot;row_gap_mobile&quot;:{&quot;unit&quot;:&quot;px&quot;,&quot;size&quot;:&quot;&quot;,&quot;sizes&quot;:[]}}\" data-widget_type=\"loop-grid.product\">\n\t\t\t\t<div class=\"elementor-widget-container\">\n\t\t\t\t\t\t\t<div class=\"elementor-loop-container elementor-grid\" role=\"list\">\n\t\t<style id=\"loop-687\"><\/style>\t\t<\/div>\n\t\t\n\t\t\t\t\t\t<\/div>\n\t\t\t\t<\/div>\n\t\t\t\t<\/div>\n\t\t<div class=\"elementor-element elementor-element-822cce3 e-flex e-con-boxed e-con e-parent\" data-id=\"822cce3\" data-element_type=\"container\" data-e-type=\"container\">\n\t\t\t\t\t<div class=\"e-con-inner\">\n\t\t\t\t<div class=\"elementor-element elementor-element-86cd0ee elementor-widget elementor-widget-text-editor\" data-id=\"86cd0ee\" data-element_type=\"widget\" data-e-type=\"widget\" data-widget_type=\"text-editor.default\">\n\t\t\t\t<div class=\"elementor-widget-container\">\n\t\t\t\t\t\t\t\t\t<h3 data-start=\"201\" data-end=\"245\"><strong data-start=\"204\" data-end=\"243\">Pakiet 5 Sesji\u00a0<\/strong><\/h3><h4 style=\"font-style: normal;\" data-start=\"246\" data-end=\"302\">Odblokuj sw\u00f3j pe\u0142ny potencja\u0142 w \u017cyciu i w biznesie<\/h4><h3><strong data-start=\"204\" data-end=\"243\">2250 PLN<\/strong><\/h3><p data-start=\"304\" data-end=\"603\">Osi\u0105gn\u0105\u0142e\u015b\/a\u015b wiele, ale wewn\u0119trznie czujesz, \u017ce sta\u0107 Ci\u0119 na wi\u0119cej?<br data-start=\"372\" data-end=\"375\" \/>Masz cele, marzenia i ambicje, ale mimo wysi\u0142k\u00f3w co\u015b Ci\u0119 powstrzymuje?<br data-start=\"445\" data-end=\"448\" \/>By\u0107 mo\u017ce zmagasz si\u0119 z wewn\u0119trznymi blokadami, stresem, brakiem jasno\u015bci co do kierunku lub czujesz, \u017ce utkn\u0105\u0142e\u015b\/a\u015b w miejscu, mimo ogromnej ch\u0119ci rozwoju?<\/p><p data-start=\"605\" data-end=\"731\">W \u015bwiecie pe\u0142nym presji, oczekiwa\u0144 i odpowiedzialno\u015bci to do\u015bwiadczenie wielu os\u00f3b ambitnych i zaanga\u017cowanych takich jak Ty.<\/p><p data-start=\"733\" data-end=\"1005\">Ale co, je\u015bli powiem Ci, \u017ce istnieje skuteczna, nieszablonowa metoda, kt\u00f3ra pozwala dotrze\u0107 do \u017ar\u00f3d\u0142a tych ogranicze\u0144 i je trwale usun\u0105\u0107?<br data-start=\"870\" data-end=\"873\" \/>Co, je\u015bli m\u00f3g\u0142by\u015b\/mog\u0142aby\u015b przeprogramowa\u0107 sw\u00f3j umys\u0142 na sukces, spok\u00f3j i realizacj\u0119 cel\u00f3w, kt\u00f3re dot\u0105d wydawa\u0142y si\u0119 poza zasi\u0119giem?<\/p><hr data-start=\"1007\" data-end=\"1010\" \/><h4 data-start=\"1012\" data-end=\"1073\"><strong data-start=\"1016\" data-end=\"1073\">Dlatego stworzy\u0142am ten pakiet specjalnie dla Ciebie<\/strong><\/h4><p data-start=\"1075\" data-end=\"1322\"><strong data-start=\"1075\" data-end=\"1116\">&#8222;Pakiet 5 Sesji Hipnoterapeutycznych&#8221;<\/strong> to intensywny, transformuj\u0105cy proces zaprojektowany z my\u015bl\u0105 o osobach, kt\u00f3re:<br data-start=\"1194\" data-end=\"1197\" \/>\ud83d\udd39 s\u0105 gotowe na zmian\u0119<br data-start=\"1219\" data-end=\"1222\" \/>\ud83d\udd39 chc\u0105 \u017cy\u0107 pe\u0142ni\u0105 mo\u017cliwo\u015bci<br data-start=\"1251\" data-end=\"1254\" \/>\ud83d\udd39 i pragn\u0105 ruszy\u0107 do przodu z now\u0105 energi\u0105, pewno\u015bci\u0105 i lekko\u015bci\u0105<\/p><p data-start=\"1324\" data-end=\"1461\">Ka\u017cda sesja odbywa si\u0119 online, w komfortowej przestrzeni, trwa oko\u0142o 90 minut i jest w pe\u0142ni dopasowana do Twoich indywidualnych potrzeb.<\/p><hr data-start=\"1463\" data-end=\"1466\" \/><h4 data-start=\"1468\" data-end=\"1503\">Co zyskasz dzi\u0119ki pracy ze mn\u0105?<\/h4><h6 data-start=\"1505\" data-end=\"1571\">\u2705 <strong data-start=\"1512\" data-end=\"1569\">Odblokowanie nowego potencja\u0142u \u017cyciowego i zawodowego<\/strong><\/h6><p data-start=\"1572\" data-end=\"1710\">Zaczniesz widzie\u0107 mo\u017cliwo\u015bci tam, gdzie wcze\u015bniej by\u0142y przeszkody. Twoja kreatywno\u015b\u0107 i skuteczno\u015b\u0107 we wprowadzaniu zmian znacz\u0105co wzrosn\u0105.<\/p><h6 data-start=\"1712\" data-end=\"1772\">\u2705 <strong data-start=\"1719\" data-end=\"1770\">Przyspieszony rozw\u00f3j zawodowy i wzrost dochod\u00f3w<\/strong><\/h6><p data-start=\"1773\" data-end=\"1968\">Uwolnisz si\u0119 od blokad takich jak l\u0119k przed pora\u017ck\u0105 czy syndrom oszusta. Dzi\u0119ki temu zaczniesz podejmowa\u0107 trafniejsze decyzje i skuteczniej dzia\u0142a\u0107, co prze\u0142o\u017cy si\u0119 bezpo\u015brednio na Twoje wyniki.<\/p><h6 data-start=\"1970\" data-end=\"2029\">\u2705 <strong data-start=\"1977\" data-end=\"2027\">Niezachwiana pewno\u015b\u0107 siebie i klarowno\u015b\u0107 cel\u00f3w<\/strong><\/h6><p data-start=\"2030\" data-end=\"2185\">Wzmocnisz swoje poczucie warto\u015bci, odnajdziesz kierunek i zaczniesz dzia\u0142a\u0107 z wi\u0119ksz\u0105 wewn\u0119trzn\u0105 si\u0142\u0105. Poczujesz, \u017ce naprawd\u0119 mo\u017cesz i wiesz, czego chcesz.<\/p><h6 data-start=\"2187\" data-end=\"2227\">\u2705 <strong data-start=\"2194\" data-end=\"2225\">Spok\u00f3j i odporno\u015b\u0107 na stres<\/strong><\/h6><p data-start=\"2228\" data-end=\"2368\">Nauczysz si\u0119 zarz\u0105dza\u0107 emocjami, presj\u0105 i napi\u0119ciem. Zamiast wypalenia \u2013 zyskasz r\u00f3wnowag\u0119, energi\u0119 i wi\u0119kszy komfort codziennego dzia\u0142ania.<\/p><h6 data-start=\"2370\" data-end=\"2414\">\u2705 <strong data-start=\"2377\" data-end=\"2412\">Pokonanie niewidzialnych barier<\/strong><\/h6><p data-start=\"2415\" data-end=\"2556\">Trwale przepracujesz przekonania i schematy, kt\u00f3re sabotowa\u0142y Tw\u00f3j post\u0119p. Zamiast si\u0119 blokowa\u0107 \u2013 zaczniesz dzia\u0142a\u0107 z odwag\u0105 i skuteczno\u015bci\u0105.<\/p><hr data-start=\"2558\" data-end=\"2561\" \/><h5 data-start=\"2563\" data-end=\"2592\">Dla kogo jest ten pakiet?<\/h5><p data-start=\"2594\" data-end=\"2830\">\u2714\ufe0f Dla przedsi\u0119biorc\u00f3w, lider\u00f3w, specjalist\u00f3w i os\u00f3b, kt\u00f3re chc\u0105 \u015bwiadomie kierowa\u0107 swoim \u017cyciem<br data-start=\"2690\" data-end=\"2693\" \/>\u2714\ufe0f Dla tych, kt\u00f3rzy czuj\u0105, \u017ce \u201ekr\u0119c\u0105 si\u0119 w k\u00f3\u0142ko\u201d, mimo wielu pr\u00f3b<br data-start=\"2759\" data-end=\"2762\" \/>\u2714\ufe0f Dla wszystkich, kt\u00f3rzy s\u0105 gotowi na realn\u0105 i trwa\u0142\u0105 transformacj\u0119<\/p><hr data-start=\"2832\" data-end=\"2835\" \/><p data-start=\"2892\" data-end=\"3072\">.<\/p>\t\t\t\t\t\t\t\t<\/div>\n\t\t\t\t<\/div>\n\t\t\t\t\t<\/div>\n\t\t\t\t<\/div>\n\t\t<div class=\"elementor-element elementor-element-7ae80b4 e-flex e-con-boxed e-con e-parent\" data-id=\"7ae80b4\" data-element_type=\"container\" data-e-type=\"container\">\n\t\t\t\t\t<div class=\"e-con-inner\">\n\t\t\t\t<div class=\"elementor-element elementor-element-0519265 elementor-widget elementor-widget-text-editor\" data-id=\"0519265\" data-element_type=\"widget\" data-e-type=\"widget\" data-widget_type=\"text-editor.default\">\n\t\t\t\t<div class=\"elementor-widget-container\">\n\t\t\t\t\t\t\t\t\t<h2>***<\/h2>\t\t\t\t\t\t\t\t<\/div>\n\t\t\t\t<\/div>\n\t\t\t\t<div class=\"elementor-element elementor-element-b86f9fa elementor-widget elementor-widget-text-editor\" data-id=\"b86f9fa\" data-element_type=\"widget\" data-e-type=\"widget\" data-widget_type=\"text-editor.default\">\n\t\t\t\t<div class=\"elementor-widget-container\">\n\t\t\t\t\t\t\t\t\t<h3 data-start=\"179\" data-end=\"224\">Masz inny cel i zmagasz si\u0119 z czym\u015b innym?<\/h3><p data-start=\"226\" data-end=\"467\">Je\u015bli Twoim wyzwaniem jest:<br data-start=\"253\" data-end=\"256\" \/>\u2013 <strong data-start=\"258\" data-end=\"278\">rzucenie palenia<\/strong>,<\/p><p data-start=\"226\" data-end=\"467\">\u2013 <strong data-start=\"284\" data-end=\"308\">emocjonalne jedzenie<\/strong>,<\/p><p data-start=\"226\" data-end=\"467\">\u2013 <strong data-start=\"314\" data-end=\"348\">napi\u0119cie, l\u0119ki, brak motywacji<\/strong>,<\/p><p data-start=\"226\" data-end=\"467\">\u2013 lub <strong data-start=\"358\" data-end=\"399\">inne trudno\u015bci o pod\u0142o\u017cu emocjonalnym<\/strong>, kt\u00f3re utrudniaj\u0105 Ci codzienne funkcjonowanie i osi\u0105ganie cel\u00f3w.<\/p><p data-start=\"469\" data-end=\"495\"><strong data-start=\"469\" data-end=\"495\">Mog\u0119 r\u00f3wnie\u017c Ci pom\u00f3c.<\/strong><\/p><p data-start=\"497\" data-end=\"802\">Hipnoterapia to pot\u0119\u017cne narz\u0119dzie, kt\u00f3re dzia\u0142a na poziomie pod\u015bwiadomo\u015bci\u00a0 tam, gdzie naprawd\u0119 zachodz\u0105 zmiany.<br data-start=\"610\" data-end=\"613\" \/>Je\u015bli nie widzisz jeszcze oferty, kt\u00f3ra wprost odpowiada Twoim potrzebom, <strong data-start=\"687\" data-end=\"748\">napisz do mnie lub um\u00f3w si\u0119 na bezp\u0142atn\u0105 rozmow\u0119 wst\u0119pn\u0105.<\/strong><br data-start=\"748\" data-end=\"751\" \/>Wsp\u00f3lnie sprawdzimy, czy i jak mog\u0119 Ci\u0119 wesprze\u0107 i ustalimy indywidualny plan dzia\u0142ania.<\/p>\t\t\t\t\t\t\t\t<\/div>\n\t\t\t\t<\/div>\n\t\t\t\t\t<\/div>\n\t\t\t\t<\/div>\n\t\t\t\t<\/div>\n\t\t","protected":false},"excerpt":{"rendered":"<p>Oferta Pakiet 5 Sesji\u00a0 Odblokuj sw\u00f3j pe\u0142ny potencja\u0142 w \u017cyciu i w biznesie 2250 PLN Osi\u0105gn\u0105\u0142e\u015b\/a\u015b wiele, ale wewn\u0119trznie czujesz, \u017ce sta\u0107 Ci\u0119 na wi\u0119cej?Masz cele, marzenia i ambicje, ale mimo wysi\u0142k\u00f3w co\u015b Ci\u0119 powstrzymuje?By\u0107 mo\u017ce zmagasz si\u0119 z wewn\u0119trznymi blokadami, stresem, brakiem jasno\u015bci co do kierunku lub czujesz, \u017ce utkn\u0105\u0142e\u015b\/a\u015b w miejscu, mimo ogromnej &hellip;<\/p>\n<p class=\"read-more\"> <a class=\"\" href=\"https:\/\/paulinapoplawska.pl\/?product=pakiet-menoharmony\"> <span class=\"screen-reader-text\">Pakiet  MenoHarmony<\/span> przeczytaj wi\u0119cej \u00bb<\/a><\/p>\n","protected":false},"author":2,"featured_media":0,"parent":0,"menu_order":2,"comment_status":"closed","ping_status":"closed","template":"","meta":{"site-sidebar-layout":"no-sidebar","site-content-layout":"page-builder","ast-site-content-layout":"full-width-container","site-content-style":"unboxed","site-sidebar-style":"unboxed","ast-global-header-display":"","ast-banner-title-visibility":"","ast-main-header-display":"","ast-hfb-above-header-display":"","ast-hfb-below-header-display":"","ast-hfb-mobile-header-display":"","site-post-title":"disabled","ast-breadcrumbs-content":"","ast-featured-img":"disabled","footer-sml-layout":"","theme-transparent-header-meta":"enabled","adv-header-id-meta":"","stick-header-meta":"","header-above-stick-meta":"","header-main-stick-meta":"","header-below-stick-meta":"","astra-migrate-meta-layouts":"set","footnotes":""},"class_list":["post-692","page","type-page","status-publish","hentry","desktop-align-left","tablet-align-left","mobile-align-left"],"yoast_head":"<!-- This site is optimized with the Yoast SEO plugin v23.0 - https:\/\/yoast.com\/wordpress\/plugins\/seo\/ -->\n<title>Oferta - Paulina Zi\u0119ba-Pop\u0142awska<\/title>\n<meta name=\"robots\" content=\"index, follow, max-snippet:-1, max-image-preview:large, max-video-preview:-1\" \/>\n<link rel=\"canonical\" href=\"https:\/\/paulinapoplawska.pl\/?page_id=692\" \/>\n<meta property=\"og:locale\" content=\"pl_PL\" \/>\n<meta property=\"og:type\" content=\"article\" \/>\n<meta property=\"og:title\" content=\"Oferta - Paulina Zi\u0119ba-Pop\u0142awska\" \/>\n<meta property=\"og:description\" content=\"Oferta Pakiet 5 Sesji\u00a0 Odblokuj sw\u00f3j pe\u0142ny potencja\u0142 w \u017cyciu i w biznesie 2250 PLN Osi\u0105gn\u0105\u0142e\u015b\/a\u015b wiele, ale wewn\u0119trznie czujesz, \u017ce sta\u0107 Ci\u0119 na wi\u0119cej?Masz cele, marzenia i ambicje, ale mimo wysi\u0142k\u00f3w co\u015b Ci\u0119 powstrzymuje?By\u0107 mo\u017ce zmagasz si\u0119 z wewn\u0119trznymi blokadami, stresem, brakiem jasno\u015bci co do kierunku lub czujesz, \u017ce utkn\u0105\u0142e\u015b\/a\u015b w miejscu, mimo ogromnej &hellip; Pakiet MenoHarmony przeczytaj wi\u0119cej \u00bb\" \/>\n<meta property=\"og:url\" content=\"https:\/\/paulinapoplawska.pl\/?page_id=692\" \/>\n<meta property=\"og:site_name\" content=\"Paulina Zi\u0119ba-Pop\u0142awska\" \/>\n<meta property=\"article:modified_time\" content=\"2025-06-04T11:07:03+00:00\" \/>\n<script type=\"application\/ld+json\" class=\"yoast-schema-graph\">{\"@context\":\"https:\/\/schema.org\",\"@graph\":[{\"@type\":\"WebPage\",\"@id\":\"https:\/\/paulinapoplawska.pl\/?page_id=692\",\"url\":\"https:\/\/paulinapoplawska.pl\/?page_id=692\",\"name\":\"Oferta - Paulina Zi\u0119ba-Pop\u0142awska\",\"isPartOf\":{\"@id\":\"https:\/\/paulinapoplawska.pl\/#website\"},\"datePublished\":\"2024-07-13T10:11:59+00:00\",\"dateModified\":\"2025-06-04T11:07:03+00:00\",\"breadcrumb\":{\"@id\":\"https:\/\/paulinapoplawska.pl\/?page_id=692#breadcrumb\"},\"inLanguage\":\"pl-PL\",\"potentialAction\":[{\"@type\":\"ReadAction\",\"target\":[\"https:\/\/paulinapoplawska.pl\/?page_id=692\"]}]},{\"@type\":\"BreadcrumbList\",\"@id\":\"https:\/\/paulinapoplawska.pl\/?page_id=692#breadcrumb\",\"itemListElement\":[{\"@type\":\"ListItem\",\"position\":1,\"name\":\"Strona g\u0142\u00f3wna\",\"item\":\"https:\/\/paulinapoplawska.pl\/\"},{\"@type\":\"ListItem\",\"position\":2,\"name\":\"Oferta\"}]},{\"@type\":\"WebSite\",\"@id\":\"https:\/\/paulinapoplawska.pl\/#website\",\"url\":\"https:\/\/paulinapoplawska.pl\/\",\"name\":\"Paulina Zi\u0119ba-Pop\u0142awska\",\"description\":\"Hipnoterapia\",\"potentialAction\":[{\"@type\":\"SearchAction\",\"target\":{\"@type\":\"EntryPoint\",\"urlTemplate\":\"https:\/\/paulinapoplawska.pl\/?s={search_term_string}\"},\"query-input\":\"required name=search_term_string\"}],\"inLanguage\":\"pl-PL\"}]}<\/script>\n<!-- \/ Yoast SEO plugin. -->","yoast_head_json":{"title":"Oferta - Paulina Zi\u0119ba-Pop\u0142awska","robots":{"index":"index","follow":"follow","max-snippet":"max-snippet:-1","max-image-preview":"max-image-preview:large","max-video-preview":"max-video-preview:-1"},"canonical":"https:\/\/paulinapoplawska.pl\/?page_id=692","og_locale":"pl_PL","og_type":"article","og_title":"Oferta - Paulina Zi\u0119ba-Pop\u0142awska","og_description":"Oferta Pakiet 5 Sesji\u00a0 Odblokuj sw\u00f3j pe\u0142ny potencja\u0142 w \u017cyciu i w biznesie 2250 PLN Osi\u0105gn\u0105\u0142e\u015b\/a\u015b wiele, ale wewn\u0119trznie czujesz, \u017ce sta\u0107 Ci\u0119 na wi\u0119cej?Masz cele, marzenia i ambicje, ale mimo wysi\u0142k\u00f3w co\u015b Ci\u0119 powstrzymuje?By\u0107 mo\u017ce zmagasz si\u0119 z wewn\u0119trznymi blokadami, stresem, brakiem jasno\u015bci co do kierunku lub czujesz, \u017ce utkn\u0105\u0142e\u015b\/a\u015b w miejscu, mimo ogromnej &hellip; Pakiet MenoHarmony przeczytaj wi\u0119cej \u00bb","og_url":"https:\/\/paulinapoplawska.pl\/?page_id=692","og_site_name":"Paulina Zi\u0119ba-Pop\u0142awska","article_modified_time":"2025-06-04T11:07:03+00:00","schema":{"@context":"https:\/\/schema.org","@graph":[{"@type":"WebPage","@id":"https:\/\/paulinapoplawska.pl\/?page_id=692","url":"https:\/\/paulinapoplawska.pl\/?page_id=692","name":"Oferta - Paulina Zi\u0119ba-Pop\u0142awska","isPartOf":{"@id":"https:\/\/paulinapoplawska.pl\/#website"},"datePublished":"2024-07-13T10:11:59+00:00","dateModified":"2025-06-04T11:07:03+00:00","breadcrumb":{"@id":"https:\/\/paulinapoplawska.pl\/?page_id=692#breadcrumb"},"inLanguage":"pl-PL","potentialAction":[{"@type":"ReadAction","target":["https:\/\/paulinapoplawska.pl\/?page_id=692"]}]},{"@type":"BreadcrumbList","@id":"https:\/\/paulinapoplawska.pl\/?page_id=692#breadcrumb","itemListElement":[{"@type":"ListItem","position":1,"name":"Strona g\u0142\u00f3wna","item":"https:\/\/paulinapoplawska.pl\/"},{"@type":"ListItem","position":2,"name":"Oferta"}]},{"@type":"WebSite","@id":"https:\/\/paulinapoplawska.pl\/#website","url":"https:\/\/paulinapoplawska.pl\/","name":"Paulina Zi\u0119ba-Pop\u0142awska","description":"Hipnoterapia","potentialAction":[{"@type":"SearchAction","target":{"@type":"EntryPoint","urlTemplate":"https:\/\/paulinapoplawska.pl\/?s={search_term_string}"},"query-input":"required name=search_term_string"}],"inLanguage":"pl-PL"}]}},"_links":{"self":[{"href":"https:\/\/paulinapoplawska.pl\/index.php?rest_route=\/wp\/v2\/pages\/692","targetHints":{"allow":["GET"]}}],"collection":[{"href":"https:\/\/paulinapoplawska.pl\/index.php?rest_route=\/wp\/v2\/pages"}],"about":[{"href":"https:\/\/paulinapoplawska.pl\/index.php?rest_route=\/wp\/v2\/types\/page"}],"author":[{"embeddable":true,"href":"https:\/\/paulinapoplawska.pl\/index.php?rest_route=\/wp\/v2\/users\/2"}],"replies":[{"embeddable":true,"href":"https:\/\/paulinapoplawska.pl\/index.php?rest_route=%2Fwp%2Fv2%2Fcomments&post=692"}],"version-history":[{"count":47,"href":"https:\/\/paulinapoplawska.pl\/index.php?rest_route=\/wp\/v2\/pages\/692\/revisions"}],"predecessor-version":[{"id":1079,"href":"https:\/\/paulinapoplawska.pl\/index.php?rest_route=\/wp\/v2\/pages\/692\/revisions\/1079"}],"wp:attachment":[{"href":"https:\/\/paulinapoplawska.pl\/index.php?rest_route=%2Fwp%2Fv2%2Fmedia&parent=692"}],"curies":[{"name":"wp","href":"https:\/\/api.w.org\/{rel}","templated":true}]}}