{"id":42,"date":"2023-09-07T12:26:38","date_gmt":"2023-09-07T10:26:38","guid":{"rendered":"https:\/\/paulinapoplawska.pl\/o-mnie\/"},"modified":"2025-06-04T12:30:07","modified_gmt":"2025-06-04T10:30:07","slug":"o-mnie","status":"publish","type":"page","link":"https:\/\/paulinapoplawska.pl\/?page_id=42","title":{"rendered":"O mnie"},"content":{"rendered":"\t\t<div data-elementor-type=\"wp-page\" data-elementor-id=\"42\" class=\"elementor elementor-42\" data-elementor-post-type=\"page\">\n\t\t\t\t\t\t<section class=\"elementor-section elementor-top-section elementor-element elementor-element-1f93e335 elementor-section-boxed elementor-section-height-default elementor-section-height-default\" data-id=\"1f93e335\" data-element_type=\"section\" data-e-type=\"section\" data-settings=\"{&quot;background_background&quot;:&quot;classic&quot;}\">\n\t\t\t\t\t\t<div class=\"elementor-container elementor-column-gap-no\">\n\t\t\t\t\t<div class=\"elementor-column elementor-col-100 elementor-top-column elementor-element elementor-element-ee1c3b6\" data-id=\"ee1c3b6\" data-element_type=\"column\" data-e-type=\"column\">\n\t\t\t<div class=\"elementor-widget-wrap elementor-element-populated\">\n\t\t\t\t\t\t<div class=\"elementor-element elementor-element-4342aa35 elementor-widget elementor-widget-heading\" data-id=\"4342aa35\" data-element_type=\"widget\" data-e-type=\"widget\" data-widget_type=\"heading.default\">\n\t\t\t\t<div class=\"elementor-widget-container\">\n\t\t\t\t\t<h1 class=\"elementor-heading-title elementor-size-default\">O mnie<\/h1>\t\t\t\t<\/div>\n\t\t\t\t<\/div>\n\t\t\t\t\t<\/div>\n\t\t<\/div>\n\t\t\t\t\t<\/div>\n\t\t<\/section>\n\t\t<div class=\"elementor-element elementor-element-8187c4a e-con-full e-flex e-con e-parent\" data-id=\"8187c4a\" data-element_type=\"container\" data-e-type=\"container\">\n\t\t<div class=\"elementor-element elementor-element-f72592f e-con-full e-flex e-con e-child\" data-id=\"f72592f\" data-element_type=\"container\" data-e-type=\"container\" data-settings=\"{&quot;background_background&quot;:&quot;classic&quot;}\">\n\t\t\t\t<\/div>\n\t\t<div class=\"elementor-element elementor-element-4d2302e e-con-full e-flex e-con e-child\" data-id=\"4d2302e\" data-element_type=\"container\" data-e-type=\"container\" data-settings=\"{&quot;background_background&quot;:&quot;classic&quot;}\">\n\t\t\t\t<div class=\"elementor-element elementor-element-f197bb5 elementor-widget elementor-widget-text-editor\" data-id=\"f197bb5\" data-element_type=\"widget\" data-e-type=\"widget\" data-widget_type=\"text-editor.default\">\n\t\t\t\t<div class=\"elementor-widget-container\">\n\t\t\t\t\t\t\t\t\t<p data-start=\"141\" data-end=\"508\">Jestem certyfikowan\u0105 hipnoterapeutk\u0105, konsultantk\u0105 kryzysow\u0105 oraz praktykiem NLP.<\/p>\n<p data-start=\"141\" data-end=\"508\">Moj\u0105 misj\u0105 jest wspieranie ludzi w odkrywaniu ich wewn\u0119trznej si\u0142y, pokonywaniu ogranicze\u0144 i budowaniu \u017cycia w zgodzie z samym sob\u0105.<\/p>\n<p data-start=\"141\" data-end=\"508\">Z pasj\u0105 towarzysz\u0119 osobom, kt\u00f3re pragn\u0105 wprowadzi\u0107 pozytywne zmiany, odzyska\u0107 spok\u00f3j, pewno\u015b\u0107 siebie i rado\u015b\u0107 z codzienno\u015bci.<\/p>\n<p data-start=\"510\" data-end=\"909\"><strong>Pomagam tym, kt\u00f3rzy czuj\u0105, \u017ce utkn\u0119li&nbsp; przyt\u0142oczeni ograniczaj\u0105cymi przekonaniami, powtarzaj\u0105cymi si\u0119 schematami czy wewn\u0119trznymi blokadami. <\/strong><\/p>\n<p data-start=\"510\" data-end=\"909\">Je\u015bli czujesz, \u017ce chcesz wreszcie ruszy\u0107 do przodu, odnale\u017a\u0107 klarowno\u015b\u0107, energi\u0119 i wewn\u0119trzn\u0105 si\u0142\u0119 \u2013 jeste\u015b w dobrym miejscu.<\/p>\n<p data-start=\"911\" data-end=\"1281\">W swojej pracy \u0142\u0105cz\u0119 skuteczne techniki hipnoterapii, interwencji kryzysowej i programowania neurolingwistycznego (NLP).&nbsp;<\/p>\n<p data-start=\"911\" data-end=\"1281\">Wierz\u0119, \u017ce ka\u017cdy z nas posiada w sobie zasoby do uzdrowienia i transformacji trzeba tylko znale\u017a\u0107 do nich dost\u0119p. I w\u0142a\u015bnie w tym mog\u0119 Ci towarzyszy\u0107.<\/p><p data-start=\"911\" data-end=\"1281\"><br><\/p>\n<p data-start=\"1323\" data-end=\"1754\">Uko\u0144czy\u0142am roczn\u0105 szko\u0142\u0119 hipnoterapii oraz wiele specjalistycznych szkole\u0144 w kraju i zagranic\u0105 zakresu hipnoterapii. Stale rozwijam swoje kompetencje, pog\u0142\u0119biaj\u0105c wiedz\u0119 z zakresu psychologii i nowoczesnych metod terapeutycznych.&nbsp;<\/p><p data-start=\"1323\" data-end=\"1754\"><br><\/p>\n<p data-start=\"1782\" data-end=\"2163\">W centrum mojej pracy jeste\u015b Ty&nbsp; i Twoje potrzeby, cele i historia. Ka\u017cdy z nas jest inny, dlatego nie ma jednej drogi do zmiany. Wierz\u0119, \u017ce skuteczna terapia opiera si\u0119 na zaufaniu, szacunku i autentycznym kontakcie. Moje podej\u015bcie jest w pe\u0142ni indywidualne&nbsp; dopasowuj\u0119 techniki i metody do Ciebie, aby wsp\u00f3lnie dotrze\u0107 do \u017ar\u00f3d\u0142a trudno\u015bci i uruchomi\u0107 proces wewn\u0119trznej przemiany.<\/p>\n<p data-start=\"2165\" data-end=\"2373\">Pomog\u0119 Ci lepiej zrozumie\u0107 siebie, uwolni\u0107 si\u0119 od tego, co Ci\u0119 ogranicza, i nauczy\u0107 si\u0119, jak \u015bwiadomie kierowa\u0107 swoim \u017cyciem. Ka\u017cda sesja to krok do wi\u0119kszego spokoju, pewno\u015bci siebie i poczuciu spe\u0142nienia.<\/p>\n<p data-start=\"2375\" data-end=\"2482\">Pracuj\u0119 zgodnie z najwy\u017cszymi standardami etycznymi, z pe\u0142nym poszanowaniem Twojej prywatno\u015bci i poufno\u015bci.<\/p>\t\t\t\t\t\t\t\t<\/div>\n\t\t\t\t<\/div>\n\t\t\t\t<\/div>\n\t\t\t\t<\/div>\n\t\t\t\t<\/div>\n\t\t","protected":false},"excerpt":{"rendered":"<p>O mnie Jestem certyfikowan\u0105 hipnoterapeutk\u0105, konsultantk\u0105 kryzysow\u0105 oraz praktykiem NLP. Moj\u0105 misj\u0105 jest wspieranie ludzi w odkrywaniu ich wewn\u0119trznej si\u0142y, pokonywaniu ogranicze\u0144 i budowaniu \u017cycia w zgodzie z samym sob\u0105. Z pasj\u0105 towarzysz\u0119 osobom, kt\u00f3re pragn\u0105 wprowadzi\u0107 pozytywne zmiany, odzyska\u0107 spok\u00f3j, pewno\u015b\u0107 siebie i rado\u015b\u0107 z codzienno\u015bci. Pomagam tym, kt\u00f3rzy czuj\u0105, \u017ce utkn\u0119li&nbsp; przyt\u0142oczeni ograniczaj\u0105cymi &hellip;<\/p>\n<p class=\"read-more\"> <a class=\"\" href=\"https:\/\/paulinapoplawska.pl\/?page_id=42\"> <span class=\"screen-reader-text\">O mnie<\/span> przeczytaj wi\u0119cej \u00bb<\/a><\/p>\n","protected":false},"author":1,"featured_media":0,"parent":0,"menu_order":1,"comment_status":"closed","ping_status":"closed","template":"","meta":{"site-sidebar-layout":"no-sidebar","site-content-layout":"page-builder","ast-site-content-layout":"","site-content-style":"default","site-sidebar-style":"default","ast-global-header-display":"","ast-banner-title-visibility":"","ast-main-header-display":"","ast-hfb-above-header-display":"","ast-hfb-below-header-display":"","ast-hfb-mobile-header-display":"","site-post-title":"disabled","ast-breadcrumbs-content":"","ast-featured-img":"disabled","footer-sml-layout":"","theme-transparent-header-meta":"enabled","adv-header-id-meta":"","stick-header-meta":"","header-above-stick-meta":"","header-main-stick-meta":"","header-below-stick-meta":"","astra-migrate-meta-layouts":"","footnotes":""},"class_list":["post-42","page","type-page","status-publish","hentry"],"yoast_head":"<!-- This site is optimized with the Yoast SEO plugin v23.0 - https:\/\/yoast.com\/wordpress\/plugins\/seo\/ -->\n<title>O mnie - Paulina Zi\u0119ba-Pop\u0142awska<\/title>\n<meta name=\"robots\" content=\"index, follow, max-snippet:-1, max-image-preview:large, max-video-preview:-1\" \/>\n<link rel=\"canonical\" href=\"https:\/\/paulinapoplawska.pl\/?page_id=42\" \/>\n<meta property=\"og:locale\" content=\"pl_PL\" \/>\n<meta property=\"og:type\" content=\"article\" \/>\n<meta property=\"og:title\" content=\"O mnie - Paulina Zi\u0119ba-Pop\u0142awska\" \/>\n<meta property=\"og:description\" content=\"O mnie Jestem certyfikowan\u0105 hipnoterapeutk\u0105, konsultantk\u0105 kryzysow\u0105 oraz praktykiem NLP. Moj\u0105 misj\u0105 jest wspieranie ludzi w odkrywaniu ich wewn\u0119trznej si\u0142y, pokonywaniu ogranicze\u0144 i budowaniu \u017cycia w zgodzie z samym sob\u0105. Z pasj\u0105 towarzysz\u0119 osobom, kt\u00f3re pragn\u0105 wprowadzi\u0107 pozytywne zmiany, odzyska\u0107 spok\u00f3j, pewno\u015b\u0107 siebie i rado\u015b\u0107 z codzienno\u015bci. Pomagam tym, kt\u00f3rzy czuj\u0105, \u017ce utkn\u0119li&nbsp; przyt\u0142oczeni ograniczaj\u0105cymi &hellip; O mnie przeczytaj wi\u0119cej \u00bb\" \/>\n<meta property=\"og:url\" content=\"https:\/\/paulinapoplawska.pl\/?page_id=42\" \/>\n<meta property=\"og:site_name\" content=\"Paulina Zi\u0119ba-Pop\u0142awska\" \/>\n<meta property=\"article:modified_time\" content=\"2025-06-04T10:30:07+00:00\" \/>\n<script type=\"application\/ld+json\" class=\"yoast-schema-graph\">{\"@context\":\"https:\/\/schema.org\",\"@graph\":[{\"@type\":\"WebPage\",\"@id\":\"https:\/\/paulinapoplawska.pl\/?page_id=42\",\"url\":\"https:\/\/paulinapoplawska.pl\/?page_id=42\",\"name\":\"O mnie - Paulina Zi\u0119ba-Pop\u0142awska\",\"isPartOf\":{\"@id\":\"https:\/\/paulinapoplawska.pl\/#website\"},\"datePublished\":\"2023-09-07T10:26:38+00:00\",\"dateModified\":\"2025-06-04T10:30:07+00:00\",\"breadcrumb\":{\"@id\":\"https:\/\/paulinapoplawska.pl\/?page_id=42#breadcrumb\"},\"inLanguage\":\"pl-PL\",\"potentialAction\":[{\"@type\":\"ReadAction\",\"target\":[\"https:\/\/paulinapoplawska.pl\/?page_id=42\"]}]},{\"@type\":\"BreadcrumbList\",\"@id\":\"https:\/\/paulinapoplawska.pl\/?page_id=42#breadcrumb\",\"itemListElement\":[{\"@type\":\"ListItem\",\"position\":1,\"name\":\"Strona g\u0142\u00f3wna\",\"item\":\"https:\/\/paulinapoplawska.pl\/\"},{\"@type\":\"ListItem\",\"position\":2,\"name\":\"O mnie\"}]},{\"@type\":\"WebSite\",\"@id\":\"https:\/\/paulinapoplawska.pl\/#website\",\"url\":\"https:\/\/paulinapoplawska.pl\/\",\"name\":\"Paulina Zi\u0119ba-Pop\u0142awska\",\"description\":\"Hipnoterapia\",\"potentialAction\":[{\"@type\":\"SearchAction\",\"target\":{\"@type\":\"EntryPoint\",\"urlTemplate\":\"https:\/\/paulinapoplawska.pl\/?s={search_term_string}\"},\"query-input\":\"required name=search_term_string\"}],\"inLanguage\":\"pl-PL\"}]}<\/script>\n<!-- \/ Yoast SEO plugin. -->","yoast_head_json":{"title":"O mnie - Paulina Zi\u0119ba-Pop\u0142awska","robots":{"index":"index","follow":"follow","max-snippet":"max-snippet:-1","max-image-preview":"max-image-preview:large","max-video-preview":"max-video-preview:-1"},"canonical":"https:\/\/paulinapoplawska.pl\/?page_id=42","og_locale":"pl_PL","og_type":"article","og_title":"O mnie - Paulina Zi\u0119ba-Pop\u0142awska","og_description":"O mnie Jestem certyfikowan\u0105 hipnoterapeutk\u0105, konsultantk\u0105 kryzysow\u0105 oraz praktykiem NLP. Moj\u0105 misj\u0105 jest wspieranie ludzi w odkrywaniu ich wewn\u0119trznej si\u0142y, pokonywaniu ogranicze\u0144 i budowaniu \u017cycia w zgodzie z samym sob\u0105. Z pasj\u0105 towarzysz\u0119 osobom, kt\u00f3re pragn\u0105 wprowadzi\u0107 pozytywne zmiany, odzyska\u0107 spok\u00f3j, pewno\u015b\u0107 siebie i rado\u015b\u0107 z codzienno\u015bci. Pomagam tym, kt\u00f3rzy czuj\u0105, \u017ce utkn\u0119li&nbsp; przyt\u0142oczeni ograniczaj\u0105cymi &hellip; O mnie przeczytaj wi\u0119cej \u00bb","og_url":"https:\/\/paulinapoplawska.pl\/?page_id=42","og_site_name":"Paulina Zi\u0119ba-Pop\u0142awska","article_modified_time":"2025-06-04T10:30:07+00:00","schema":{"@context":"https:\/\/schema.org","@graph":[{"@type":"WebPage","@id":"https:\/\/paulinapoplawska.pl\/?page_id=42","url":"https:\/\/paulinapoplawska.pl\/?page_id=42","name":"O mnie - Paulina Zi\u0119ba-Pop\u0142awska","isPartOf":{"@id":"https:\/\/paulinapoplawska.pl\/#website"},"datePublished":"2023-09-07T10:26:38+00:00","dateModified":"2025-06-04T10:30:07+00:00","breadcrumb":{"@id":"https:\/\/paulinapoplawska.pl\/?page_id=42#breadcrumb"},"inLanguage":"pl-PL","potentialAction":[{"@type":"ReadAction","target":["https:\/\/paulinapoplawska.pl\/?page_id=42"]}]},{"@type":"BreadcrumbList","@id":"https:\/\/paulinapoplawska.pl\/?page_id=42#breadcrumb","itemListElement":[{"@type":"ListItem","position":1,"name":"Strona g\u0142\u00f3wna","item":"https:\/\/paulinapoplawska.pl\/"},{"@type":"ListItem","position":2,"name":"O mnie"}]},{"@type":"WebSite","@id":"https:\/\/paulinapoplawska.pl\/#website","url":"https:\/\/paulinapoplawska.pl\/","name":"Paulina Zi\u0119ba-Pop\u0142awska","description":"Hipnoterapia","potentialAction":[{"@type":"SearchAction","target":{"@type":"EntryPoint","urlTemplate":"https:\/\/paulinapoplawska.pl\/?s={search_term_string}"},"query-input":"required name=search_term_string"}],"inLanguage":"pl-PL"}]}},"_links":{"self":[{"href":"https:\/\/paulinapoplawska.pl\/index.php?rest_route=\/wp\/v2\/pages\/42","targetHints":{"allow":["GET"]}}],"collection":[{"href":"https:\/\/paulinapoplawska.pl\/index.php?rest_route=\/wp\/v2\/pages"}],"about":[{"href":"https:\/\/paulinapoplawska.pl\/index.php?rest_route=\/wp\/v2\/types\/page"}],"author":[{"embeddable":true,"href":"https:\/\/paulinapoplawska.pl\/index.php?rest_route=\/wp\/v2\/users\/1"}],"replies":[{"embeddable":true,"href":"https:\/\/paulinapoplawska.pl\/index.php?rest_route=%2Fwp%2Fv2%2Fcomments&post=42"}],"version-history":[{"count":55,"href":"https:\/\/paulinapoplawska.pl\/index.php?rest_route=\/wp\/v2\/pages\/42\/revisions"}],"predecessor-version":[{"id":1057,"href":"https:\/\/paulinapoplawska.pl\/index.php?rest_route=\/wp\/v2\/pages\/42\/revisions\/1057"}],"wp:attachment":[{"href":"https:\/\/paulinapoplawska.pl\/index.php?rest_route=%2Fwp%2Fv2%2Fmedia&parent=42"}],"curies":[{"name":"wp","href":"https:\/\/api.w.org\/{rel}","templated":true}]}}