{"id":199,"date":"2024-07-06T16:17:23","date_gmt":"2024-07-06T14:17:23","guid":{"rendered":"https:\/\/paulinapoplawska.pl\/?page_id=199"},"modified":"2025-06-04T12:27:02","modified_gmt":"2025-06-04T10:27:02","slug":"kontakt","status":"publish","type":"page","link":"https:\/\/paulinapoplawska.pl\/?page_id=199","title":{"rendered":"Kontakt"},"content":{"rendered":"\t\t<div data-elementor-type=\"wp-page\" data-elementor-id=\"199\" class=\"elementor elementor-199\" data-elementor-post-type=\"page\">\n\t\t\t\t<div class=\"elementor-element elementor-element-33027ae e-con-full e-flex e-con e-parent\" data-id=\"33027ae\" data-element_type=\"container\" data-e-type=\"container\" data-settings=\"{&quot;background_background&quot;:&quot;classic&quot;}\">\n\t\t<div class=\"elementor-element elementor-element-b74f6e1 e-con-full e-flex e-con e-child\" data-id=\"b74f6e1\" data-element_type=\"container\" data-e-type=\"container\">\n\t\t\t\t<div class=\"elementor-element elementor-element-070d5f0 elementor-widget elementor-widget-heading\" data-id=\"070d5f0\" data-element_type=\"widget\" data-e-type=\"widget\" data-widget_type=\"heading.default\">\n\t\t\t\t<div class=\"elementor-widget-container\">\n\t\t\t\t\t<h1 class=\"elementor-heading-title elementor-size-default\">Kontakt<\/h1>\t\t\t\t<\/div>\n\t\t\t\t<\/div>\n\t\t\t\t<\/div>\n\t\t\t\t<\/div>\n\t\t<div class=\"elementor-element elementor-element-e3bea96 e-con-full e-flex e-con e-parent\" data-id=\"e3bea96\" data-element_type=\"container\" data-e-type=\"container\" data-settings=\"{&quot;background_background&quot;:&quot;classic&quot;}\">\n\t\t<div class=\"elementor-element elementor-element-1184820 e-con-full e-flex e-con e-child\" data-id=\"1184820\" data-element_type=\"container\" data-e-type=\"container\">\n\t\t\t\t<div class=\"elementor-element elementor-element-52b7514 elementor-widget elementor-widget-text-editor\" data-id=\"52b7514\" data-element_type=\"widget\" data-e-type=\"widget\" data-widget_type=\"text-editor.default\">\n\t\t\t\t<div class=\"elementor-widget-container\">\n\t\t\t\t\t\t\t\t\t<p class=\"p2\">Jak mog\u0119 Ci pom\u00f3c? Porozmawiajmy.<\/p><p class=\"p2\">Je\u015bli masz pytania um\u00f3w si\u0119 na 15 min konsultacj\u0119. Jestem tutaj, by Ci pom\u00f3c w drodze do lepszego samopoczucia i spe\u0142nionego \u017cycia.<\/p><p>\u00a0<\/p>\t\t\t\t\t\t\t\t<\/div>\n\t\t\t\t<\/div>\n\t\t\t\t<div class=\"elementor-element elementor-element-2a6c2ad elementor-view-stacked elementor-position-inline-start elementor-shape-circle elementor-mobile-position-block-start elementor-widget elementor-widget-icon-box\" data-id=\"2a6c2ad\" data-element_type=\"widget\" data-e-type=\"widget\" data-widget_type=\"icon-box.default\">\n\t\t\t\t<div class=\"elementor-widget-container\">\n\t\t\t\t\t\t\t<div class=\"elementor-icon-box-wrapper\">\n\n\t\t\t\t\t\t<div class=\"elementor-icon-box-icon\">\n\t\t\t\t<span  class=\"elementor-icon\">\n\t\t\t\t<i aria-hidden=\"true\" class=\"fas fa-map-marker-alt\"><\/i>\t\t\t\t<\/span>\n\t\t\t<\/div>\n\t\t\t\n\t\t\t\t\t\t<div class=\"elementor-icon-box-content\">\n\n\t\t\t\t\n\t\t\t\t\t\t\t\t\t<p class=\"elementor-icon-box-description\">\n\t\t\t\t\t\tKoluszki woj. \u0142\u00f3dzkie \/ online\t\t\t\t\t<\/p>\n\t\t\t\t\n\t\t\t<\/div>\n\t\t\t\n\t\t<\/div>\n\t\t\t\t\t\t<\/div>\n\t\t\t\t<\/div>\n\t\t\t\t<div class=\"elementor-element elementor-element-4679ca8 elementor-view-stacked elementor-position-inline-start elementor-shape-circle elementor-mobile-position-block-start elementor-widget elementor-widget-icon-box\" data-id=\"4679ca8\" data-element_type=\"widget\" data-e-type=\"widget\" data-widget_type=\"icon-box.default\">\n\t\t\t\t<div class=\"elementor-widget-container\">\n\t\t\t\t\t\t\t<div class=\"elementor-icon-box-wrapper\">\n\n\t\t\t\t\t\t<div class=\"elementor-icon-box-icon\">\n\t\t\t\t<span  class=\"elementor-icon\">\n\t\t\t\t<i aria-hidden=\"true\" class=\"fas fa-phone\"><\/i>\t\t\t\t<\/span>\n\t\t\t<\/div>\n\t\t\t\n\t\t\t\t\t\t<div class=\"elementor-icon-box-content\">\n\n\t\t\t\t\n\t\t\t\t\t\t\t\t\t<p class=\"elementor-icon-box-description\">\n\t\t\t\t\t\t+48 607\u00a0501\u00a0922\t\t\t\t\t<\/p>\n\t\t\t\t\n\t\t\t<\/div>\n\t\t\t\n\t\t<\/div>\n\t\t\t\t\t\t<\/div>\n\t\t\t\t<\/div>\n\t\t\t\t<div class=\"elementor-element elementor-element-aa61b57 elementor-view-stacked elementor-position-inline-start elementor-shape-circle elementor-mobile-position-block-start elementor-widget elementor-widget-icon-box\" data-id=\"aa61b57\" data-element_type=\"widget\" data-e-type=\"widget\" data-widget_type=\"icon-box.default\">\n\t\t\t\t<div class=\"elementor-widget-container\">\n\t\t\t\t\t\t\t<div class=\"elementor-icon-box-wrapper\">\n\n\t\t\t\t\t\t<div class=\"elementor-icon-box-icon\">\n\t\t\t\t<span  class=\"elementor-icon\">\n\t\t\t\t<i aria-hidden=\"true\" class=\"fas fa-envelope\"><\/i>\t\t\t\t<\/span>\n\t\t\t<\/div>\n\t\t\t\n\t\t\t\t\t\t<div class=\"elementor-icon-box-content\">\n\n\t\t\t\t\n\t\t\t\t\t\t\t\t\t<p class=\"elementor-icon-box-description\">\n\t\t\t\t\t\t<span>kontakt@paulinapoplawska.pl<\/span>\t\t\t\t\t<\/p>\n\t\t\t\t\n\t\t\t<\/div>\n\t\t\t\n\t\t<\/div>\n\t\t\t\t\t\t<\/div>\n\t\t\t\t<\/div>\n\t\t\t\t<div class=\"elementor-element elementor-element-15d7849 elementor-widget elementor-widget-heading\" data-id=\"15d7849\" data-element_type=\"widget\" data-e-type=\"widget\" data-widget_type=\"heading.default\">\n\t\t\t\t<div class=\"elementor-widget-container\">\n\t\t\t\t\t<h5 class=\"elementor-heading-title elementor-size-default\">Odwied\u017a r\u00f3wnie\u017c<\/h5>\t\t\t\t<\/div>\n\t\t\t\t<\/div>\n\t\t\t\t<div class=\"elementor-element elementor-element-6248a30 e-grid-align-left elementor-shape-rounded elementor-grid-0 elementor-widget elementor-widget-social-icons\" data-id=\"6248a30\" data-element_type=\"widget\" data-e-type=\"widget\" data-widget_type=\"social-icons.default\">\n\t\t\t\t<div class=\"elementor-widget-container\">\n\t\t\t\t\t\t\t<div class=\"elementor-social-icons-wrapper elementor-grid\" role=\"list\">\n\t\t\t\t\t\t\t<span class=\"elementor-grid-item\" role=\"listitem\">\n\t\t\t\t\t<a class=\"elementor-icon elementor-social-icon elementor-social-icon-facebook elementor-repeater-item-1a17d49\" href=\"https:\/\/facebook.com\/paulina.zp.758\" target=\"_blank\">\n\t\t\t\t\t\t<span class=\"elementor-screen-only\">Facebook<\/span>\n\t\t\t\t\t\t<i aria-hidden=\"true\" class=\"fab fa-facebook\"><\/i>\t\t\t\t\t<\/a>\n\t\t\t\t<\/span>\n\t\t\t\t\t\t\t<span class=\"elementor-grid-item\" role=\"listitem\">\n\t\t\t\t\t<a class=\"elementor-icon elementor-social-icon elementor-social-icon-instagram elementor-repeater-item-05e8d36\" href=\"https:\/\/instagram.com\/paulina.z.poplawska\" target=\"_blank\">\n\t\t\t\t\t\t<span class=\"elementor-screen-only\">Instagram<\/span>\n\t\t\t\t\t\t<i aria-hidden=\"true\" class=\"fab fa-instagram\"><\/i>\t\t\t\t\t<\/a>\n\t\t\t\t<\/span>\n\t\t\t\t\t<\/div>\n\t\t\t\t\t\t<\/div>\n\t\t\t\t<\/div>\n\t\t\t\t<\/div>\n\t\t<div class=\"elementor-element elementor-element-cbda16b e-con-full e-flex e-con e-child\" data-id=\"cbda16b\" data-element_type=\"container\" data-e-type=\"container\">\n\t\t\t\t<div class=\"elementor-element elementor-element-7be65e6 elementor-widget__width-initial elementor-widget elementor-widget-image\" data-id=\"7be65e6\" data-element_type=\"widget\" data-e-type=\"widget\" data-widget_type=\"image.default\">\n\t\t\t\t<div class=\"elementor-widget-container\">\n\t\t\t\t\t\t\t\t\t\t\t\t\t\t\t<img fetchpriority=\"high\" decoding=\"async\" width=\"763\" height=\"1024\" src=\"https:\/\/paulinapoplawska.pl\/wp-content\/uploads\/2024\/07\/paulina_poplawska_1-763x1024.jpg\" class=\"attachment-large size-large wp-image-333\" alt=\"\" srcset=\"https:\/\/paulinapoplawska.pl\/wp-content\/uploads\/2024\/07\/paulina_poplawska_1-763x1024.jpg 763w, https:\/\/paulinapoplawska.pl\/wp-content\/uploads\/2024\/07\/paulina_poplawska_1-600x805.jpg 600w, https:\/\/paulinapoplawska.pl\/wp-content\/uploads\/2024\/07\/paulina_poplawska_1-224x300.jpg 224w, https:\/\/paulinapoplawska.pl\/wp-content\/uploads\/2024\/07\/paulina_poplawska_1-768x1031.jpg 768w, https:\/\/paulinapoplawska.pl\/wp-content\/uploads\/2024\/07\/paulina_poplawska_1-1144x1536.jpg 1144w, https:\/\/paulinapoplawska.pl\/wp-content\/uploads\/2024\/07\/paulina_poplawska_1.jpg 1192w\" sizes=\"(max-width: 763px) 100vw, 763px\" \/>\t\t\t\t\t\t\t\t\t\t\t\t\t\t\t<\/div>\n\t\t\t\t<\/div>\n\t\t\t\t<\/div>\n\t\t\t\t<\/div>\n\t\t\t\t<\/div>\n\t\t","protected":false},"excerpt":{"rendered":"<p>Kontakt Jak mog\u0119 Ci pom\u00f3c? Porozmawiajmy. Je\u015bli masz pytania um\u00f3w si\u0119 na 15 min konsultacj\u0119. Jestem tutaj, by Ci pom\u00f3c w drodze do lepszego samopoczucia i spe\u0142nionego \u017cycia. \u00a0 Koluszki woj. \u0142\u00f3dzkie \/ online +48 607\u00a0501\u00a0922 kontakt@paulinapoplawska.pl Odwied\u017a r\u00f3wnie\u017c Facebook Instagram<\/p>\n","protected":false},"author":1,"featured_media":0,"parent":0,"menu_order":5,"comment_status":"closed","ping_status":"closed","template":"","meta":{"site-sidebar-layout":"no-sidebar","site-content-layout":"page-builder","ast-site-content-layout":"","site-content-style":"default","site-sidebar-style":"default","ast-global-header-display":"","ast-banner-title-visibility":"","ast-main-header-display":"","ast-hfb-above-header-display":"","ast-hfb-below-header-display":"","ast-hfb-mobile-header-display":"","site-post-title":"disabled","ast-breadcrumbs-content":"","ast-featured-img":"disabled","footer-sml-layout":"","theme-transparent-header-meta":"enabled","adv-header-id-meta":"","stick-header-meta":"","header-above-stick-meta":"","header-main-stick-meta":"","header-below-stick-meta":"","astra-migrate-meta-layouts":"","footnotes":""},"class_list":["post-199","page","type-page","status-publish","hentry"],"yoast_head":"<!-- This site is optimized with the Yoast SEO plugin v23.0 - https:\/\/yoast.com\/wordpress\/plugins\/seo\/ -->\n<title>Kontakt - Paulina Zi\u0119ba-Pop\u0142awska<\/title>\n<meta name=\"robots\" content=\"index, follow, max-snippet:-1, max-image-preview:large, max-video-preview:-1\" \/>\n<link rel=\"canonical\" href=\"https:\/\/paulinapoplawska.pl\/?page_id=199\" \/>\n<meta property=\"og:locale\" content=\"pl_PL\" \/>\n<meta property=\"og:type\" content=\"article\" \/>\n<meta property=\"og:title\" content=\"Kontakt - Paulina Zi\u0119ba-Pop\u0142awska\" \/>\n<meta property=\"og:description\" content=\"Kontakt Jak mog\u0119 Ci pom\u00f3c? Porozmawiajmy. Je\u015bli masz pytania um\u00f3w si\u0119 na 15 min konsultacj\u0119. Jestem tutaj, by Ci pom\u00f3c w drodze do lepszego samopoczucia i spe\u0142nionego \u017cycia. \u00a0 Koluszki woj. \u0142\u00f3dzkie \/ online +48 607\u00a0501\u00a0922 kontakt@paulinapoplawska.pl Odwied\u017a r\u00f3wnie\u017c Facebook Instagram\" \/>\n<meta property=\"og:url\" content=\"https:\/\/paulinapoplawska.pl\/?page_id=199\" \/>\n<meta property=\"og:site_name\" content=\"Paulina Zi\u0119ba-Pop\u0142awska\" \/>\n<meta property=\"article:modified_time\" content=\"2025-06-04T10:27:02+00:00\" \/>\n<meta property=\"og:image\" content=\"https:\/\/paulinapoplawska.pl\/wp-content\/uploads\/2024\/07\/paulina_poplawska_1-763x1024.jpg\" \/>\n<script type=\"application\/ld+json\" class=\"yoast-schema-graph\">{\"@context\":\"https:\/\/schema.org\",\"@graph\":[{\"@type\":\"WebPage\",\"@id\":\"https:\/\/paulinapoplawska.pl\/?page_id=199\",\"url\":\"https:\/\/paulinapoplawska.pl\/?page_id=199\",\"name\":\"Kontakt - Paulina Zi\u0119ba-Pop\u0142awska\",\"isPartOf\":{\"@id\":\"https:\/\/paulinapoplawska.pl\/#website\"},\"primaryImageOfPage\":{\"@id\":\"https:\/\/paulinapoplawska.pl\/?page_id=199#primaryimage\"},\"image\":{\"@id\":\"https:\/\/paulinapoplawska.pl\/?page_id=199#primaryimage\"},\"thumbnailUrl\":\"https:\/\/paulinapoplawska.pl\/wp-content\/uploads\/2024\/07\/paulina_poplawska_1-763x1024.jpg\",\"datePublished\":\"2024-07-06T14:17:23+00:00\",\"dateModified\":\"2025-06-04T10:27:02+00:00\",\"breadcrumb\":{\"@id\":\"https:\/\/paulinapoplawska.pl\/?page_id=199#breadcrumb\"},\"inLanguage\":\"pl-PL\",\"potentialAction\":[{\"@type\":\"ReadAction\",\"target\":[\"https:\/\/paulinapoplawska.pl\/?page_id=199\"]}]},{\"@type\":\"ImageObject\",\"inLanguage\":\"pl-PL\",\"@id\":\"https:\/\/paulinapoplawska.pl\/?page_id=199#primaryimage\",\"url\":\"https:\/\/paulinapoplawska.pl\/wp-content\/uploads\/2024\/07\/paulina_poplawska_1.jpg\",\"contentUrl\":\"https:\/\/paulinapoplawska.pl\/wp-content\/uploads\/2024\/07\/paulina_poplawska_1.jpg\",\"width\":1192,\"height\":1600},{\"@type\":\"BreadcrumbList\",\"@id\":\"https:\/\/paulinapoplawska.pl\/?page_id=199#breadcrumb\",\"itemListElement\":[{\"@type\":\"ListItem\",\"position\":1,\"name\":\"Strona g\u0142\u00f3wna\",\"item\":\"https:\/\/paulinapoplawska.pl\/\"},{\"@type\":\"ListItem\",\"position\":2,\"name\":\"Kontakt\"}]},{\"@type\":\"WebSite\",\"@id\":\"https:\/\/paulinapoplawska.pl\/#website\",\"url\":\"https:\/\/paulinapoplawska.pl\/\",\"name\":\"Paulina Zi\u0119ba-Pop\u0142awska\",\"description\":\"Hipnoterapia\",\"potentialAction\":[{\"@type\":\"SearchAction\",\"target\":{\"@type\":\"EntryPoint\",\"urlTemplate\":\"https:\/\/paulinapoplawska.pl\/?s={search_term_string}\"},\"query-input\":\"required name=search_term_string\"}],\"inLanguage\":\"pl-PL\"}]}<\/script>\n<!-- \/ Yoast SEO plugin. -->","yoast_head_json":{"title":"Kontakt - Paulina Zi\u0119ba-Pop\u0142awska","robots":{"index":"index","follow":"follow","max-snippet":"max-snippet:-1","max-image-preview":"max-image-preview:large","max-video-preview":"max-video-preview:-1"},"canonical":"https:\/\/paulinapoplawska.pl\/?page_id=199","og_locale":"pl_PL","og_type":"article","og_title":"Kontakt - Paulina Zi\u0119ba-Pop\u0142awska","og_description":"Kontakt Jak mog\u0119 Ci pom\u00f3c? Porozmawiajmy. Je\u015bli masz pytania um\u00f3w si\u0119 na 15 min konsultacj\u0119. Jestem tutaj, by Ci pom\u00f3c w drodze do lepszego samopoczucia i spe\u0142nionego \u017cycia. \u00a0 Koluszki woj. \u0142\u00f3dzkie \/ online +48 607\u00a0501\u00a0922 kontakt@paulinapoplawska.pl Odwied\u017a r\u00f3wnie\u017c Facebook Instagram","og_url":"https:\/\/paulinapoplawska.pl\/?page_id=199","og_site_name":"Paulina Zi\u0119ba-Pop\u0142awska","article_modified_time":"2025-06-04T10:27:02+00:00","og_image":[{"url":"https:\/\/paulinapoplawska.pl\/wp-content\/uploads\/2024\/07\/paulina_poplawska_1-763x1024.jpg"}],"schema":{"@context":"https:\/\/schema.org","@graph":[{"@type":"WebPage","@id":"https:\/\/paulinapoplawska.pl\/?page_id=199","url":"https:\/\/paulinapoplawska.pl\/?page_id=199","name":"Kontakt - Paulina Zi\u0119ba-Pop\u0142awska","isPartOf":{"@id":"https:\/\/paulinapoplawska.pl\/#website"},"primaryImageOfPage":{"@id":"https:\/\/paulinapoplawska.pl\/?page_id=199#primaryimage"},"image":{"@id":"https:\/\/paulinapoplawska.pl\/?page_id=199#primaryimage"},"thumbnailUrl":"https:\/\/paulinapoplawska.pl\/wp-content\/uploads\/2024\/07\/paulina_poplawska_1-763x1024.jpg","datePublished":"2024-07-06T14:17:23+00:00","dateModified":"2025-06-04T10:27:02+00:00","breadcrumb":{"@id":"https:\/\/paulinapoplawska.pl\/?page_id=199#breadcrumb"},"inLanguage":"pl-PL","potentialAction":[{"@type":"ReadAction","target":["https:\/\/paulinapoplawska.pl\/?page_id=199"]}]},{"@type":"ImageObject","inLanguage":"pl-PL","@id":"https:\/\/paulinapoplawska.pl\/?page_id=199#primaryimage","url":"https:\/\/paulinapoplawska.pl\/wp-content\/uploads\/2024\/07\/paulina_poplawska_1.jpg","contentUrl":"https:\/\/paulinapoplawska.pl\/wp-content\/uploads\/2024\/07\/paulina_poplawska_1.jpg","width":1192,"height":1600},{"@type":"BreadcrumbList","@id":"https:\/\/paulinapoplawska.pl\/?page_id=199#breadcrumb","itemListElement":[{"@type":"ListItem","position":1,"name":"Strona g\u0142\u00f3wna","item":"https:\/\/paulinapoplawska.pl\/"},{"@type":"ListItem","position":2,"name":"Kontakt"}]},{"@type":"WebSite","@id":"https:\/\/paulinapoplawska.pl\/#website","url":"https:\/\/paulinapoplawska.pl\/","name":"Paulina Zi\u0119ba-Pop\u0142awska","description":"Hipnoterapia","potentialAction":[{"@type":"SearchAction","target":{"@type":"EntryPoint","urlTemplate":"https:\/\/paulinapoplawska.pl\/?s={search_term_string}"},"query-input":"required name=search_term_string"}],"inLanguage":"pl-PL"}]}},"_links":{"self":[{"href":"https:\/\/paulinapoplawska.pl\/index.php?rest_route=\/wp\/v2\/pages\/199","targetHints":{"allow":["GET"]}}],"collection":[{"href":"https:\/\/paulinapoplawska.pl\/index.php?rest_route=\/wp\/v2\/pages"}],"about":[{"href":"https:\/\/paulinapoplawska.pl\/index.php?rest_route=\/wp\/v2\/types\/page"}],"author":[{"embeddable":true,"href":"https:\/\/paulinapoplawska.pl\/index.php?rest_route=\/wp\/v2\/users\/1"}],"replies":[{"embeddable":true,"href":"https:\/\/paulinapoplawska.pl\/index.php?rest_route=%2Fwp%2Fv2%2Fcomments&post=199"}],"version-history":[{"count":60,"href":"https:\/\/paulinapoplawska.pl\/index.php?rest_route=\/wp\/v2\/pages\/199\/revisions"}],"predecessor-version":[{"id":1054,"href":"https:\/\/paulinapoplawska.pl\/index.php?rest_route=\/wp\/v2\/pages\/199\/revisions\/1054"}],"wp:attachment":[{"href":"https:\/\/paulinapoplawska.pl\/index.php?rest_route=%2Fwp%2Fv2%2Fmedia&parent=199"}],"curies":[{"name":"wp","href":"https:\/\/api.w.org\/{rel}","templated":true}]}}